{"id":541,"date":"2018-11-27T09:17:08","date_gmt":"2018-11-27T14:17:08","guid":{"rendered":"https:\/\/comunidadhumanitaria.org\/index.php\/about\/"},"modified":"2023-08-17T17:16:06","modified_gmt":"2023-08-17T22:16:06","slug":"about","status":"publish","type":"page","link":"https:\/\/comunidadhumanitaria.org\/index.php\/about\/","title":{"rendered":"About"},"content":{"rendered":"\t\t<div data-elementor-type=\"wp-post\" data-elementor-id=\"541\" class=\"elementor elementor-541\">\n\t\t\t\t\t\t\t\t\t<section class=\"elementor-section elementor-top-section elementor-element elementor-element-d7d8b56 elementor-section-boxed elementor-section-height-default elementor-section-height-default\" data-id=\"d7d8b56\" data-element_type=\"section\" data-settings=\"{&quot;background_background&quot;:&quot;classic&quot;}\">\n\t\t\t\t\t\t\t<div class=\"elementor-background-overlay\"><\/div>\n\t\t\t\t\t\t\t<div class=\"elementor-container elementor-column-gap-default\">\n\t\t\t\t\t<div class=\"elementor-column elementor-col-100 elementor-top-column elementor-element elementor-element-fd69444\" data-id=\"fd69444\" data-element_type=\"column\">\n\t\t\t<div class=\"elementor-widget-wrap elementor-element-populated\">\n\t\t\t\t\t\t\t\t<div class=\"elementor-element elementor-element-abcc2f2 elementor-widget elementor-widget-heading\" data-id=\"abcc2f2\" data-element_type=\"widget\" data-widget_type=\"heading.default\">\n\t\t\t\t<div class=\"elementor-widget-container\">\n\t\t\t<style>\/*! elementor - v3.11.3 - 07-03-2023 *\/\n.elementor-heading-title{padding:0;margin:0;line-height:1}.elementor-widget-heading .elementor-heading-title[class*=elementor-size-]>a{color:inherit;font-size:inherit;line-height:inherit}.elementor-widget-heading .elementor-heading-title.elementor-size-small{font-size:15px}.elementor-widget-heading .elementor-heading-title.elementor-size-medium{font-size:19px}.elementor-widget-heading .elementor-heading-title.elementor-size-large{font-size:29px}.elementor-widget-heading .elementor-heading-title.elementor-size-xl{font-size:39px}.elementor-widget-heading .elementor-heading-title.elementor-size-xxl{font-size:59px}<\/style><h1 class=\"elementor-heading-title elementor-size-default\">nosotros<\/h1>\t\t<\/div>\n\t\t\t\t<\/div>\n\t\t\t\t\t<\/div>\n\t\t<\/div>\n\t\t\t\t\t\t\t<\/div>\n\t\t<\/section>\n\t\t\t\t<section class=\"elementor-section elementor-top-section elementor-element elementor-element-759dfbf elementor-section-boxed elementor-section-height-default elementor-section-height-default\" data-id=\"759dfbf\" data-element_type=\"section\">\n\t\t\t\t\t\t<div class=\"elementor-container elementor-column-gap-default\">\n\t\t\t\t\t<div class=\"elementor-column elementor-col-100 elementor-top-column elementor-element elementor-element-e48519e\" data-id=\"e48519e\" data-element_type=\"column\">\n\t\t\t<div class=\"elementor-widget-wrap elementor-element-populated\">\n\t\t\t\t\t\t\t\t<div class=\"elementor-element elementor-element-af34082 elementor-widget elementor-widget-spacer\" data-id=\"af34082\" data-element_type=\"widget\" data-widget_type=\"spacer.default\">\n\t\t\t\t<div class=\"elementor-widget-container\">\n\t\t\t<style>\/*! elementor - v3.11.3 - 07-03-2023 *\/\n.elementor-column .elementor-spacer-inner{height:var(--spacer-size)}.e-con{--container-widget-width:100%}.e-con-inner>.elementor-widget-spacer,.e-con>.elementor-widget-spacer{width:var(--container-widget-width,var(--spacer-size));--align-self:var(--container-widget-align-self,initial);--flex-shrink:0}.e-con-inner>.elementor-widget-spacer>.elementor-widget-container,.e-con-inner>.elementor-widget-spacer>.elementor-widget-container>.elementor-spacer,.e-con>.elementor-widget-spacer>.elementor-widget-container,.e-con>.elementor-widget-spacer>.elementor-widget-container>.elementor-spacer{height:100%}.e-con-inner>.elementor-widget-spacer>.elementor-widget-container>.elementor-spacer>.elementor-spacer-inner,.e-con>.elementor-widget-spacer>.elementor-widget-container>.elementor-spacer>.elementor-spacer-inner{height:var(--container-widget-height,var(--spacer-size))}<\/style>\t\t<div class=\"elementor-spacer\">\n\t\t\t<div class=\"elementor-spacer-inner\"><\/div>\n\t\t<\/div>\n\t\t\t\t<\/div>\n\t\t\t\t<\/div>\n\t\t\t\t<div class=\"elementor-element elementor-element-c72e8c7 elementor-widget elementor-widget-text-editor\" data-id=\"c72e8c7\" data-element_type=\"widget\" data-widget_type=\"text-editor.default\">\n\t\t\t\t<div class=\"elementor-widget-container\">\n\t\t\t<style>\/*! elementor - v3.11.3 - 07-03-2023 *\/\n.elementor-widget-text-editor.elementor-drop-cap-view-stacked .elementor-drop-cap{background-color:#818a91;color:#fff}.elementor-widget-text-editor.elementor-drop-cap-view-framed .elementor-drop-cap{color:#818a91;border:3px solid;background-color:transparent}.elementor-widget-text-editor:not(.elementor-drop-cap-view-default) .elementor-drop-cap{margin-top:8px}.elementor-widget-text-editor:not(.elementor-drop-cap-view-default) .elementor-drop-cap-letter{width:1em;height:1em}.elementor-widget-text-editor .elementor-drop-cap{float:left;text-align:center;line-height:1;font-size:50px}.elementor-widget-text-editor .elementor-drop-cap-letter{display:inline-block}<\/style>\t\t\t\t<p>Somos una entidad creada en el 2006 con el fin espec\u00edfico de hacer de LA COMUNIDAD\u00a0 una fuente de empleo e ingresos que sea capaz de <strong>reactivar el progreso para todos en Colombia.<\/strong><\/p><p>Desarrollar, actividades, proyectos y servicios de inter\u00e9s general con beneficios comunitarios y sociales, encaminados a la poblaci\u00f3n marginal vulnerable como comunidades de escasos recursos y golpeadas socialmente.<\/p><p><span style=\"font-style: inherit; font-weight: inherit; color: var(--ast-global-color-3);\">Realizar servicios y actividades en las \u00e1reas empleo, trabajo social de salud, educaci\u00f3n, cultura y deporte; conformando alianzas con profesionales o entidades legalmente constituidas para desarrollar dichas actividades.<\/span><\/p><p>Crear y ejecutar proyectos de masificaci\u00f3n social, de investigaci\u00f3n cient\u00edfica o tecnol\u00f3gica; ecol\u00f3gica y de protecci\u00f3n ambiental.<\/p><p><span style=\"font-style: inherit; font-weight: inherit; color: var(--ast-global-color-3);\">Defensa y divulgaci\u00f3n de los Derechos Humanos con el impl\u00edcito cumplimiento de los mismos.<\/span><\/p><p>Promover valores y actitudes de justicia social, equidad, democracia, g\u00e9nero, participaci\u00f3n y solidaridad en el desarrollo del bien comunitario y social.<\/p><p>Realizar programas de bienestar social como capacitaciones en tecnolog\u00eda con \u00e9nfasis en la creaci\u00f3n de microempresas y la productividad de un pa\u00eds.<\/p><p>\u00a0Obtener y administrar recursos humanitarios para pa\u00edses, entidades o comunidades en riesgos sociales y c\u00edvicas.<\/p><p>Las capacitaciones realizadas directamente por La Fundaci\u00f3n son de car\u00e1cter informal y sus actividades ser\u00e1n reguladas por la ley \u00a01429 del 2010.La Fundaci\u00f3n no tiene car\u00e1cter pol\u00edtico ni religioso<\/p><p>\u00a0Respetar y apoyar solidariamente e incondicionalmente sus culturas y tradiciones aut\u00f3ctonas.<\/p><p>Nuestra comunidad brinda una <b>oportunidad real de emprender<\/b>, crear una empresa, comercializar tus productos a nivel <b>nacional e internacional<\/b>, y trabajar en el exterior con visas H2B<\/p>\t\t\t\t\t\t<\/div>\n\t\t\t\t<\/div>\n\t\t\t\t\t<\/div>\n\t\t<\/div>\n\t\t\t\t\t\t\t<\/div>\n\t\t<\/section>\n\t\t\t\t<section class=\"elementor-section elementor-top-section elementor-element elementor-element-efc681f elementor-section-boxed elementor-section-height-default elementor-section-height-default\" data-id=\"efc681f\" data-element_type=\"section\">\n\t\t\t\t\t\t<div class=\"elementor-container elementor-column-gap-default\">\n\t\t\t\t\t<div class=\"elementor-column elementor-col-100 elementor-top-column elementor-element elementor-element-7036ffc\" data-id=\"7036ffc\" data-element_type=\"column\">\n\t\t\t<div class=\"elementor-widget-wrap elementor-element-populated\">\n\t\t\t\t\t\t\t\t<div class=\"elementor-element elementor-element-a5faf64 elementor-widget elementor-widget-heading\" data-id=\"a5faf64\" data-element_type=\"widget\" data-widget_type=\"heading.default\">\n\t\t\t\t<div class=\"elementor-widget-container\">\n\t\t\t<h2 class=\"elementor-heading-title elementor-size-large\">nuestra visi\u00f3n<\/h2>\t\t<\/div>\n\t\t\t\t<\/div>\n\t\t\t\t<section class=\"elementor-section elementor-inner-section elementor-element elementor-element-e995d99 elementor-section-boxed elementor-section-height-default elementor-section-height-default\" data-id=\"e995d99\" data-element_type=\"section\">\n\t\t\t\t\t\t<div class=\"elementor-container elementor-column-gap-default\">\n\t\t\t\t\t<div class=\"elementor-column elementor-col-50 elementor-inner-column elementor-element elementor-element-0343297\" data-id=\"0343297\" data-element_type=\"column\">\n\t\t\t<div class=\"elementor-widget-wrap elementor-element-populated\">\n\t\t\t\t\t\t\t\t<div class=\"elementor-element elementor-element-0fac02a elementor-widget elementor-widget-image\" data-id=\"0fac02a\" data-element_type=\"widget\" data-widget_type=\"image.default\">\n\t\t\t\t<div class=\"elementor-widget-container\">\n\t\t\t<style>\/*! elementor - v3.11.3 - 07-03-2023 *\/\n.elementor-widget-image{text-align:center}.elementor-widget-image a{display:inline-block}.elementor-widget-image a img[src$=\".svg\"]{width:48px}.elementor-widget-image img{vertical-align:middle;display:inline-block}<\/style>\t\t\t\t\t\t\t\t\t\t\t\t<img decoding=\"async\" width=\"736\" height=\"413\" src=\"https:\/\/comunidadhumanitaria.org\/wp-content\/uploads\/2023\/03\/WhatsApp-Image-2023-03-11-at-19.35.50-2.jpeg\" class=\"attachment-large size-large wp-image-619\" alt=\"\" loading=\"lazy\" srcset=\"https:\/\/comunidadhumanitaria.org\/wp-content\/uploads\/2023\/03\/WhatsApp-Image-2023-03-11-at-19.35.50-2.jpeg 736w, https:\/\/comunidadhumanitaria.org\/wp-content\/uploads\/2023\/03\/WhatsApp-Image-2023-03-11-at-19.35.50-2-300x168.jpeg 300w, https:\/\/comunidadhumanitaria.org\/wp-content\/uploads\/2023\/03\/WhatsApp-Image-2023-03-11-at-19.35.50-2-600x337.jpeg 600w\" sizes=\"(max-width: 736px) 100vw, 736px\" \/>\t\t\t\t\t\t\t\t\t\t\t\t\t\t\t<\/div>\n\t\t\t\t<\/div>\n\t\t\t\t\t<\/div>\n\t\t<\/div>\n\t\t\t\t<div class=\"elementor-column elementor-col-50 elementor-inner-column elementor-element elementor-element-d503ddc\" data-id=\"d503ddc\" data-element_type=\"column\">\n\t\t\t<div class=\"elementor-widget-wrap elementor-element-populated\">\n\t\t\t\t\t\t\t\t<div class=\"elementor-element elementor-element-266d149 elementor-widget elementor-widget-text-editor\" data-id=\"266d149\" data-element_type=\"widget\" data-widget_type=\"text-editor.default\">\n\t\t\t\t<div class=\"elementor-widget-container\">\n\t\t\t\t\t\t\t<p>Convertirnos en<b> la mejor alternativa<\/b> de soluciones empresariales y personales para el <b>desarrollo y crecimiento<\/b> de los emprendimientos, proyectos y sue\u00f1os de la<b> comunidad<\/b>.<\/p>\t\t\t\t\t\t<\/div>\n\t\t\t\t<\/div>\n\t\t\t\t\t<\/div>\n\t\t<\/div>\n\t\t\t\t\t\t\t<\/div>\n\t\t<\/section>\n\t\t\t\t\t<\/div>\n\t\t<\/div>\n\t\t\t\t\t\t\t<\/div>\n\t\t<\/section>\n\t\t\t\t<section class=\"elementor-section elementor-top-section elementor-element elementor-element-62c16cc elementor-section-boxed elementor-section-height-default elementor-section-height-default\" data-id=\"62c16cc\" data-element_type=\"section\">\n\t\t\t\t\t\t<div class=\"elementor-container elementor-column-gap-default\">\n\t\t\t\t\t<div class=\"elementor-column elementor-col-100 elementor-top-column elementor-element elementor-element-d034bec\" data-id=\"d034bec\" data-element_type=\"column\">\n\t\t\t<div class=\"elementor-widget-wrap elementor-element-populated\">\n\t\t\t\t\t\t\t\t<div class=\"elementor-element elementor-element-f3028e9 elementor-widget elementor-widget-heading\" data-id=\"f3028e9\" data-element_type=\"widget\" data-widget_type=\"heading.default\">\n\t\t\t\t<div class=\"elementor-widget-container\">\n\t\t\t<h2 class=\"elementor-heading-title elementor-size-large\">nuestra misi\u00f3n<\/h2>\t\t<\/div>\n\t\t\t\t<\/div>\n\t\t\t\t<section class=\"elementor-section elementor-inner-section elementor-element elementor-element-9cb123b elementor-section-boxed elementor-section-height-default elementor-section-height-default\" data-id=\"9cb123b\" data-element_type=\"section\">\n\t\t\t\t\t\t<div class=\"elementor-container elementor-column-gap-default\">\n\t\t\t\t\t<div class=\"elementor-column elementor-col-50 elementor-inner-column elementor-element elementor-element-fe0f11e\" data-id=\"fe0f11e\" data-element_type=\"column\">\n\t\t\t<div class=\"elementor-widget-wrap elementor-element-populated\">\n\t\t\t\t\t\t\t\t<div class=\"elementor-element elementor-element-401c427 elementor-widget elementor-widget-text-editor\" data-id=\"401c427\" data-element_type=\"widget\" data-widget_type=\"text-editor.default\">\n\t\t\t\t<div class=\"elementor-widget-container\">\n\t\t\t\t\t\t\t<p>Ser la mejor alternativa de\u00a0<strong>desarrollo empresarial\u00a0<\/strong>a nivel de <strong>Colombia<\/strong>.<\/p>\t\t\t\t\t\t<\/div>\n\t\t\t\t<\/div>\n\t\t\t\t\t<\/div>\n\t\t<\/div>\n\t\t\t\t<div class=\"elementor-column elementor-col-50 elementor-inner-column elementor-element elementor-element-8fb9f57\" data-id=\"8fb9f57\" data-element_type=\"column\">\n\t\t\t<div class=\"elementor-widget-wrap elementor-element-populated\">\n\t\t\t\t\t\t\t\t<div class=\"elementor-element elementor-element-fe19cbc elementor-widget elementor-widget-image\" data-id=\"fe19cbc\" data-element_type=\"widget\" data-widget_type=\"image.default\">\n\t\t\t\t<div class=\"elementor-widget-container\">\n\t\t\t\t\t\t\t\t\t\t\t\t\t\t\t<img decoding=\"async\" width=\"736\" height=\"490\" src=\"https:\/\/comunidadhumanitaria.org\/wp-content\/uploads\/2023\/03\/WhatsApp-Image-2023-03-11-at-19.35.50.jpeg\" class=\"attachment-large size-large wp-image-596\" alt=\"\" loading=\"lazy\" srcset=\"https:\/\/comunidadhumanitaria.org\/wp-content\/uploads\/2023\/03\/WhatsApp-Image-2023-03-11-at-19.35.50.jpeg 736w, https:\/\/comunidadhumanitaria.org\/wp-content\/uploads\/2023\/03\/WhatsApp-Image-2023-03-11-at-19.35.50-300x200.jpeg 300w, https:\/\/comunidadhumanitaria.org\/wp-content\/uploads\/2023\/03\/WhatsApp-Image-2023-03-11-at-19.35.50-600x399.jpeg 600w\" sizes=\"(max-width: 736px) 100vw, 736px\" \/>\t\t\t\t\t\t\t\t\t\t\t\t\t\t\t<\/div>\n\t\t\t\t<\/div>\n\t\t\t\t\t<\/div>\n\t\t<\/div>\n\t\t\t\t\t\t\t<\/div>\n\t\t<\/section>\n\t\t\t\t\t<\/div>\n\t\t<\/div>\n\t\t\t\t\t\t\t<\/div>\n\t\t<\/section>\n\t\t\t\t\t\t\t<\/div>\n\t\t","protected":false},"excerpt":{"rendered":"<p>nosotros Somos una entidad creada en el 2006 con el fin espec\u00edfico de hacer de LA COMUNIDAD\u00a0 una fuente de empleo e ingresos que sea capaz de reactivar el progreso para todos en Colombia. Desarrollar, actividades, proyectos y servicios de inter\u00e9s general con beneficios comunitarios y sociales, encaminados a la poblaci\u00f3n marginal vulnerable como comunidades &hellip;<\/p>\n<p class=\"read-more\"> <a class=\"\" href=\"https:\/\/comunidadhumanitaria.org\/index.php\/about\/\"> <span class=\"screen-reader-text\">About<\/span> Leer m\u00e1s &raquo;<\/a><\/p>\n","protected":false},"author":1,"featured_media":0,"parent":0,"menu_order":0,"comment_status":"closed","ping_status":"closed","template":"","meta":{"_uag_custom_page_level_css":"","site-sidebar-layout":"no-sidebar","site-content-layout":"page-builder","ast-global-header-display":"","ast-main-header-display":"","ast-hfb-above-header-display":"","ast-hfb-below-header-display":"","ast-hfb-mobile-header-display":"","site-post-title":"disabled","ast-breadcrumbs-content":"","ast-featured-img":"disabled","footer-sml-layout":"","theme-transparent-header-meta":"enabled","adv-header-id-meta":"","stick-header-meta":"","header-above-stick-meta":"","header-main-stick-meta":"","header-below-stick-meta":""},"uagb_featured_image_src":{"full":false,"thumbnail":false,"medium":false,"medium_large":false,"large":false,"1536x1536":false,"2048x2048":false,"woocommerce_thumbnail":false,"woocommerce_single":false,"woocommerce_gallery_thumbnail":false},"uagb_author_info":{"display_name":"jstarazona@gmail.com","author_link":"https:\/\/comunidadhumanitaria.org\/index.php\/author\/jstarazonagmail-com\/"},"uagb_comment_info":0,"uagb_excerpt":"nosotros Somos una entidad creada en el 2006 con el fin espec\u00edfico de hacer de LA COMUNIDAD\u00a0 una fuente de empleo e ingresos que sea capaz de reactivar el progreso para todos en Colombia. Desarrollar, actividades, proyectos y servicios de inter\u00e9s general con beneficios comunitarios y sociales, encaminados a la poblaci\u00f3n marginal vulnerable como comunidades&hellip;","_links":{"self":[{"href":"https:\/\/comunidadhumanitaria.org\/index.php\/wp-json\/wp\/v2\/pages\/541"}],"collection":[{"href":"https:\/\/comunidadhumanitaria.org\/index.php\/wp-json\/wp\/v2\/pages"}],"about":[{"href":"https:\/\/comunidadhumanitaria.org\/index.php\/wp-json\/wp\/v2\/types\/page"}],"author":[{"embeddable":true,"href":"https:\/\/comunidadhumanitaria.org\/index.php\/wp-json\/wp\/v2\/users\/1"}],"replies":[{"embeddable":true,"href":"https:\/\/comunidadhumanitaria.org\/index.php\/wp-json\/wp\/v2\/comments?post=541"}],"version-history":[{"count":41,"href":"https:\/\/comunidadhumanitaria.org\/index.php\/wp-json\/wp\/v2\/pages\/541\/revisions"}],"predecessor-version":[{"id":1360,"href":"https:\/\/comunidadhumanitaria.org\/index.php\/wp-json\/wp\/v2\/pages\/541\/revisions\/1360"}],"wp:attachment":[{"href":"https:\/\/comunidadhumanitaria.org\/index.php\/wp-json\/wp\/v2\/media?parent=541"}],"curies":[{"name":"wp","href":"https:\/\/api.w.org\/{rel}","templated":true}]}}