{"id":862,"date":"2023-04-18T17:16:38","date_gmt":"2023-04-18T22:16:38","guid":{"rendered":"https:\/\/comunidadhumanitaria.org\/?page_id=862"},"modified":"2023-07-26T14:24:25","modified_gmt":"2023-07-26T19:24:25","slug":"servicios","status":"publish","type":"page","link":"https:\/\/comunidadhumanitaria.org\/index.php\/servicios\/","title":{"rendered":"Servicios"},"content":{"rendered":"\t\t<div data-elementor-type=\"wp-page\" data-elementor-id=\"862\" class=\"elementor elementor-862\">\n\t\t\t\t\t\t\t\t\t<section class=\"elementor-section elementor-top-section elementor-element elementor-element-01095f2 elementor-section-boxed elementor-section-height-default elementor-section-height-default\" data-id=\"01095f2\" data-element_type=\"section\">\n\t\t\t\t\t\t<div class=\"elementor-container elementor-column-gap-default\">\n\t\t\t\t\t<div class=\"elementor-column elementor-col-33 elementor-top-column elementor-element elementor-element-7957487\" data-id=\"7957487\" data-element_type=\"column\">\n\t\t\t<div class=\"elementor-widget-wrap elementor-element-populated\">\n\t\t\t\t\t\t\t\t<div class=\"elementor-element elementor-element-4bcc8b0 elementor-widget elementor-widget-spacer\" data-id=\"4bcc8b0\" data-element_type=\"widget\" data-widget_type=\"spacer.default\">\n\t\t\t\t<div class=\"elementor-widget-container\">\n\t\t\t<style>\/*! elementor - v3.11.3 - 07-03-2023 *\/\n.elementor-column .elementor-spacer-inner{height:var(--spacer-size)}.e-con{--container-widget-width:100%}.e-con-inner>.elementor-widget-spacer,.e-con>.elementor-widget-spacer{width:var(--container-widget-width,var(--spacer-size));--align-self:var(--container-widget-align-self,initial);--flex-shrink:0}.e-con-inner>.elementor-widget-spacer>.elementor-widget-container,.e-con-inner>.elementor-widget-spacer>.elementor-widget-container>.elementor-spacer,.e-con>.elementor-widget-spacer>.elementor-widget-container,.e-con>.elementor-widget-spacer>.elementor-widget-container>.elementor-spacer{height:100%}.e-con-inner>.elementor-widget-spacer>.elementor-widget-container>.elementor-spacer>.elementor-spacer-inner,.e-con>.elementor-widget-spacer>.elementor-widget-container>.elementor-spacer>.elementor-spacer-inner{height:var(--container-widget-height,var(--spacer-size))}<\/style>\t\t<div class=\"elementor-spacer\">\n\t\t\t<div class=\"elementor-spacer-inner\"><\/div>\n\t\t<\/div>\n\t\t\t\t<\/div>\n\t\t\t\t<\/div>\n\t\t\t\t<div class=\"elementor-element elementor-element-2b9a6a3 elementor-widget elementor-widget-text-editor\" data-id=\"2b9a6a3\" data-element_type=\"widget\" data-widget_type=\"text-editor.default\">\n\t\t\t\t<div class=\"elementor-widget-container\">\n\t\t\t<style>\/*! elementor - v3.11.3 - 07-03-2023 *\/\n.elementor-widget-text-editor.elementor-drop-cap-view-stacked .elementor-drop-cap{background-color:#818a91;color:#fff}.elementor-widget-text-editor.elementor-drop-cap-view-framed .elementor-drop-cap{color:#818a91;border:3px solid;background-color:transparent}.elementor-widget-text-editor:not(.elementor-drop-cap-view-default) .elementor-drop-cap{margin-top:8px}.elementor-widget-text-editor:not(.elementor-drop-cap-view-default) .elementor-drop-cap-letter{width:1em;height:1em}.elementor-widget-text-editor .elementor-drop-cap{float:left;text-align:center;line-height:1;font-size:50px}.elementor-widget-text-editor .elementor-drop-cap-letter{display:inline-block}<\/style>\t\t\t\t<p><strong>Concentramos nuestra atenci\u00f3n y acompa\u00f1amiento<\/strong> en el desarrollo integral de la comunidad, en especial las madres cabeza de hogar a trav\u00e9s de los siguientes servicios:<\/p>\t\t\t\t\t\t<\/div>\n\t\t\t\t<\/div>\n\t\t\t\t\t<\/div>\n\t\t<\/div>\n\t\t\t\t<div class=\"elementor-column elementor-col-66 elementor-top-column elementor-element elementor-element-9e97269\" data-id=\"9e97269\" data-element_type=\"column\">\n\t\t\t<div class=\"elementor-widget-wrap elementor-element-populated\">\n\t\t\t\t\t\t\t\t<div class=\"elementor-element elementor-element-e8ae23f elementor-widget elementor-widget-image\" data-id=\"e8ae23f\" data-element_type=\"widget\" data-widget_type=\"image.default\">\n\t\t\t\t<div class=\"elementor-widget-container\">\n\t\t\t<style>\/*! elementor - v3.11.3 - 07-03-2023 *\/\n.elementor-widget-image{text-align:center}.elementor-widget-image a{display:inline-block}.elementor-widget-image a img[src$=\".svg\"]{width:48px}.elementor-widget-image img{vertical-align:middle;display:inline-block}<\/style>\t\t\t\t\t\t\t\t\t\t\t\t<img decoding=\"async\" width=\"1024\" height=\"683\" src=\"https:\/\/comunidadhumanitaria.org\/wp-content\/uploads\/2023\/04\/WhatsApp-Image-2023-04-15-at-12.22.02-1-1024x683.jpeg\" class=\"attachment-large size-large wp-image-943\" alt=\"\" loading=\"lazy\" srcset=\"https:\/\/comunidadhumanitaria.org\/wp-content\/uploads\/2023\/04\/WhatsApp-Image-2023-04-15-at-12.22.02-1-1024x683.jpeg 1024w, https:\/\/comunidadhumanitaria.org\/wp-content\/uploads\/2023\/04\/WhatsApp-Image-2023-04-15-at-12.22.02-1-300x200.jpeg 300w, https:\/\/comunidadhumanitaria.org\/wp-content\/uploads\/2023\/04\/WhatsApp-Image-2023-04-15-at-12.22.02-1-768x512.jpeg 768w, https:\/\/comunidadhumanitaria.org\/wp-content\/uploads\/2023\/04\/WhatsApp-Image-2023-04-15-at-12.22.02-1-600x400.jpeg 600w, https:\/\/comunidadhumanitaria.org\/wp-content\/uploads\/2023\/04\/WhatsApp-Image-2023-04-15-at-12.22.02-1.jpeg 1516w\" sizes=\"(max-width: 1024px) 100vw, 1024px\" \/>\t\t\t\t\t\t\t\t\t\t\t\t\t\t\t<\/div>\n\t\t\t\t<\/div>\n\t\t\t\t\t<\/div>\n\t\t<\/div>\n\t\t\t\t\t\t\t<\/div>\n\t\t<\/section>\n\t\t\t\t<section class=\"elementor-section elementor-top-section elementor-element elementor-element-87c96c2 elementor-section-boxed elementor-section-height-default elementor-section-height-default\" data-id=\"87c96c2\" data-element_type=\"section\">\n\t\t\t\t\t\t<div class=\"elementor-container elementor-column-gap-default\">\n\t\t\t\t\t<div class=\"elementor-column elementor-col-100 elementor-top-column elementor-element elementor-element-e07e9b6\" data-id=\"e07e9b6\" data-element_type=\"column\">\n\t\t\t<div class=\"elementor-widget-wrap elementor-element-populated\">\n\t\t\t\t\t\t\t\t<div class=\"elementor-element elementor-element-d737289 elementor-widget elementor-widget-text-editor\" data-id=\"d737289\" data-element_type=\"widget\" data-widget_type=\"text-editor.default\">\n\t\t\t\t<div class=\"elementor-widget-container\">\n\t\t\t\t\t\t\t<ul>\n<li>Capacitaci\u00f3n en emprendimiento empresarial:&nbsp;<strong>&#8220;Cree su empresa y no muera en el intento&#8221;.<\/strong><\/li><\/ul>\n<ul>\n<li>Empleo: Ofreciendo informaci\u00f3n de <strong>vacantes<\/strong> de empleos disponibles <strong>en diferentes perfiles en el grupo de LA COMUNIDAD<\/strong>.<\/li><\/ul>\n<ul>\n<li>Comercializaci\u00f3n: traiga su producto, su cat\u00e1logo, portafolio, fotos de sus productos, videos.<\/li><\/ul>\n<ul>\n<li>\n<p><strong>PROYECTOS:<\/strong> (prioridad 1\u00aa) Pres\u00e9ntanos su proyecto parametrizado (par\u00e1metros) en detener la inmigraci\u00f3n hacia los Estados Unidos , en generar ingresos por encima de un M\u00ednimo&nbsp; Legal Mensual Vigente que permita calidad de vida.<\/p>\n<p><strong>OTROS<\/strong> <strong>PROYECTOS:<\/strong> Otros proyectos de car\u00e1cter comunitario, social ser\u00e1n presentados a la ONU.<\/p>\n<p><strong>OBSERVACION:<\/strong><\/p>\n<p>Todo proyecto tendr\u00e1 una auditoria y veedur\u00eda internacional.<\/p>\n<p>Proyectos involucrados a nivel Gubernamental no aplica.<\/p>\n<\/li>\n<\/ul>\t\t\t\t\t\t<\/div>\n\t\t\t\t<\/div>\n\t\t\t\t<div class=\"elementor-element elementor-element-32b63a7 elementor-widget elementor-widget-spacer\" data-id=\"32b63a7\" data-element_type=\"widget\" data-widget_type=\"spacer.default\">\n\t\t\t\t<div class=\"elementor-widget-container\">\n\t\t\t\t\t<div class=\"elementor-spacer\">\n\t\t\t<div class=\"elementor-spacer-inner\"><\/div>\n\t\t<\/div>\n\t\t\t\t<\/div>\n\t\t\t\t<\/div>\n\t\t\t\t\t<\/div>\n\t\t<\/div>\n\t\t\t\t\t\t\t<\/div>\n\t\t<\/section>\n\t\t\t\t\t\t\t<\/div>\n\t\t","protected":false},"excerpt":{"rendered":"<p>Concentramos nuestra atenci\u00f3n y acompa\u00f1amiento en el desarrollo integral de la comunidad, en especial las madres cabeza de hogar a trav\u00e9s de los siguientes servicios: Capacitaci\u00f3n en emprendimiento empresarial:&nbsp;&#8220;Cree su empresa y no muera en el intento&#8221;. Empleo: Ofreciendo informaci\u00f3n de vacantes de empleos disponibles en diferentes perfiles en el grupo de LA COMUNIDAD. Comercializaci\u00f3n: &hellip;<\/p>\n<p class=\"read-more\"> <a class=\"\" href=\"https:\/\/comunidadhumanitaria.org\/index.php\/servicios\/\"> <span class=\"screen-reader-text\">Servicios<\/span> Leer m\u00e1s &raquo;<\/a><\/p>\n","protected":false},"author":1,"featured_media":0,"parent":0,"menu_order":0,"comment_status":"closed","ping_status":"closed","template":"elementor_header_footer","meta":{"_uag_custom_page_level_css":"","site-sidebar-layout":"no-sidebar","site-content-layout":"page-builder","ast-global-header-display":"","ast-main-header-display":"","ast-hfb-above-header-display":"","ast-hfb-below-header-display":"","ast-hfb-mobile-header-display":"","site-post-title":"disabled","ast-breadcrumbs-content":"","ast-featured-img":"disabled","footer-sml-layout":"","theme-transparent-header-meta":"","adv-header-id-meta":"","stick-header-meta":"","header-above-stick-meta":"","header-main-stick-meta":"","header-below-stick-meta":""},"uagb_featured_image_src":{"full":false,"thumbnail":false,"medium":false,"medium_large":false,"large":false,"1536x1536":false,"2048x2048":false,"woocommerce_thumbnail":false,"woocommerce_single":false,"woocommerce_gallery_thumbnail":false},"uagb_author_info":{"display_name":"jstarazona@gmail.com","author_link":"https:\/\/comunidadhumanitaria.org\/index.php\/author\/jstarazonagmail-com\/"},"uagb_comment_info":0,"uagb_excerpt":"Concentramos nuestra atenci\u00f3n y acompa\u00f1amiento en el desarrollo integral de la comunidad, en especial las madres cabeza de hogar a trav\u00e9s de los siguientes servicios: Capacitaci\u00f3n en emprendimiento empresarial:&nbsp;&#8220;Cree su empresa y no muera en el intento&#8221;. Empleo: Ofreciendo informaci\u00f3n de vacantes de empleos disponibles en diferentes perfiles en el grupo de LA COMUNIDAD. Comercializaci\u00f3n:&hellip;","_links":{"self":[{"href":"https:\/\/comunidadhumanitaria.org\/index.php\/wp-json\/wp\/v2\/pages\/862"}],"collection":[{"href":"https:\/\/comunidadhumanitaria.org\/index.php\/wp-json\/wp\/v2\/pages"}],"about":[{"href":"https:\/\/comunidadhumanitaria.org\/index.php\/wp-json\/wp\/v2\/types\/page"}],"author":[{"embeddable":true,"href":"https:\/\/comunidadhumanitaria.org\/index.php\/wp-json\/wp\/v2\/users\/1"}],"replies":[{"embeddable":true,"href":"https:\/\/comunidadhumanitaria.org\/index.php\/wp-json\/wp\/v2\/comments?post=862"}],"version-history":[{"count":19,"href":"https:\/\/comunidadhumanitaria.org\/index.php\/wp-json\/wp\/v2\/pages\/862\/revisions"}],"predecessor-version":[{"id":1290,"href":"https:\/\/comunidadhumanitaria.org\/index.php\/wp-json\/wp\/v2\/pages\/862\/revisions\/1290"}],"wp:attachment":[{"href":"https:\/\/comunidadhumanitaria.org\/index.php\/wp-json\/wp\/v2\/media?parent=862"}],"curies":[{"name":"wp","href":"https:\/\/api.w.org\/{rel}","templated":true}]}}